{"id":9577,"date":"2025-08-09T20:06:51","date_gmt":"2025-08-09T23:06:51","guid":{"rendered":"https:\/\/rdslogistica.com\/dev\/?page_id=9577"},"modified":"2025-08-15T17:09:46","modified_gmt":"2025-08-15T20:09:46","slug":"servicios","status":"publish","type":"page","link":"https:\/\/rdslogistica.com\/?page_id=9577","title":{"rendered":"Servicios"},"content":{"rendered":"\t\t<div data-elementor-type=\"wp-page\" data-elementor-id=\"9577\" class=\"elementor elementor-9577\">\n\t\t\t\t<div class=\"elementor-element elementor-element-b7af4ae e-con-full e-flex cut-corner-no sticky-container-off e-con e-parent\" data-id=\"b7af4ae\" data-element_type=\"container\" data-settings=\"{&quot;background_background&quot;:&quot;slideshow&quot;,&quot;background_slideshow_gallery&quot;:[],&quot;background_slideshow_loop&quot;:&quot;yes&quot;,&quot;background_slideshow_slide_duration&quot;:5000,&quot;background_slideshow_slide_transition&quot;:&quot;fade&quot;,&quot;background_slideshow_transition_duration&quot;:500}\">\n\t\t\t\t<div class=\"elementor-element elementor-element-94a60f7 elementor-widget elementor-widget-logico_page_title\" data-id=\"94a60f7\" data-element_type=\"widget\" data-e-type=\"widget\" data-widget_type=\"logico_page_title.default\">\n\t\t\t\t<div class=\"elementor-widget-container\">\n\t\t\t\t\t            <div class=\"page-title-container-wrapper\">\n                <div class=\"page-title-container\">\n                    <div class=\"page-title-bg\"><\/div>\n                    <div class=\"page-title-row\">\n                        <div class=\"page-title-wrapper\">\n                            <div class=\"page-title-box\">\n                                <h1 class=\"page-title logico-title-h2\">Servicios<\/h1>                            <\/div>\n                        <\/div>\n                        <nav class=\"breadcrumbs\"><a href=\"https:\/\/rdslogistica.com\/\">Home<\/a><span class=\"delimiter\">\/<\/span><\/nav>                    <\/div>\n                                    <\/div>\n                <div class=\"block-decoration page-title-decoration animation-enable\"><div class=\"block-decoration-item\"><\/div><\/div>            <\/div>\n        \t\t\t\t<\/div>\n\t\t\t\t<\/div>\n\t\t\t\t<\/div>\n\t\t<div class=\"elementor-element elementor-element-188b0d3 e-con-full e-flex cut-corner-no sticky-container-off e-con e-child\" data-id=\"188b0d3\" data-element_type=\"container\">\n\t\t<div class=\"elementor-element elementor-element-6227aba e-con-full e-flex cut-corner-no sticky-container-off e-con e-child\" data-id=\"6227aba\" data-element_type=\"container\">\n\t\t<div class=\"elementor-element elementor-element-cd4ccfc e-con-full e-flex cut-corner-no sticky-container-off e-con e-child\" data-id=\"cd4ccfc\" data-element_type=\"container\">\n\t\t\t\t<div class=\"elementor-element elementor-element-3e690c2 elementor-widget elementor-widget-icon-box\" data-id=\"3e690c2\" data-element_type=\"widget\" data-widget_type=\"icon-box.default\">\n\t\t\t\t\t\t\t<div class=\"elementor-icon-box-wrapper\">\n\n\t\t\t\n\t\t\t\t\t\t<div class=\"elementor-icon-box-content\">\n\n\t\t\t\t\t\t\t\t\t<div class=\"elementor-icon-box-title\">\n\t\t\t\t\t\t<span  >\n\t\t\t\t\t\t\tDISTRIBUCI\u00d3N\t\t\t\t\t\t<\/span>\n\t\t\t\t\t<\/div>\n\t\t\t\t\n\t\t\t\t\n\t\t\t<\/div>\n\t\t\t\n\t\t<\/div>\n\t\t\t\t\t\t<\/div>\n\t\t\t\t<div class=\"elementor-element elementor-element-ce88d47 elementor-widget elementor-widget-text-editor\" data-id=\"ce88d47\" data-element_type=\"widget\" data-e-type=\"widget\" data-widget_type=\"text-editor.default\">\n\t\t\t\t\t\t\t\t\t<ul><li>Optimizaci\u00f3n de recursos log\u00edsticos, reduciendo costos sin perder eficiencia.<\/li><li>Trazabilidad permanente, desde el origen hasta el destino.<\/li><li>Frecuencias regulares.<\/li><li>Conocimiento en manejo, almacenaje y distribuci\u00f3n de carga.<\/li><li>Flexibilidad para adaptarnos a los requerimientos de cada cliente.<\/li><\/ul>\t\t\t\t\t\t\t\t<\/div>\n\t\t\t\t<\/div>\n\t\t<div class=\"elementor-element elementor-element-cefd5d6 e-con-full e-flex cut-corner-no sticky-container-off e-con e-child\" data-id=\"cefd5d6\" data-element_type=\"container\">\n\t\t\t\t<div class=\"elementor-element elementor-element-e2bccc9 elementor-widget elementor-widget-image\" data-id=\"e2bccc9\" data-element_type=\"widget\" data-widget_type=\"image.default\">\n\t\t\t\t\t\t\t\t\t\t\t\t\t\t\t<img fetchpriority=\"high\" decoding=\"async\" width=\"960\" height=\"1014\" src=\"https:\/\/rdslogistica.com\/wp-content\/uploads\/2025\/08\/DEPOSITO-SERVICIOS-01.jpg\" class=\"attachment-large size-large wp-image-9581\" alt=\"\" \/>\t\t\t\t\t\t\t\t\t\t\t\t\t\t\t<\/div>\n\t\t\t\t<\/div>\n\t\t\t\t<\/div>\n\t\t\t\t<\/div>\n\t\t<div class=\"elementor-element elementor-element-64c2d9e e-con-full e-flex cut-corner-no sticky-container-off e-con e-child\" data-id=\"64c2d9e\" data-element_type=\"container\">\n\t\t<div class=\"elementor-element elementor-element-d5e524f e-con-full e-flex cut-corner-no sticky-container-off e-con e-child\" data-id=\"d5e524f\" data-element_type=\"container\">\n\t\t<div class=\"elementor-element elementor-element-e6a7d9c e-con-full e-flex cut-corner-no sticky-container-off e-con e-child\" data-id=\"e6a7d9c\" data-element_type=\"container\">\n\t\t\t\t<div class=\"elementor-element elementor-element-75c217f elementor-widget elementor-widget-image\" data-id=\"75c217f\" data-element_type=\"widget\" data-widget_type=\"image.default\">\n\t\t\t\t\t\t\t\t\t\t\t\t\t\t\t<img decoding=\"async\" width=\"960\" height=\"1014\" src=\"https:\/\/rdslogistica.com\/wp-content\/uploads\/2025\/08\/DEPOSITO-SERVICIOS-02.jpg\" class=\"attachment-large size-large wp-image-9582\" alt=\"\" \/>\t\t\t\t\t\t\t\t\t\t\t\t\t\t\t<\/div>\n\t\t\t\t<\/div>\n\t\t<div class=\"elementor-element elementor-element-670761a e-con-full e-flex cut-corner-no sticky-container-off e-con e-child\" data-id=\"670761a\" data-element_type=\"container\">\n\t\t\t\t<div class=\"elementor-element elementor-element-b184b80 elementor-widget elementor-widget-icon-box\" data-id=\"b184b80\" data-element_type=\"widget\" data-widget_type=\"icon-box.default\">\n\t\t\t\t\t\t\t<div class=\"elementor-icon-box-wrapper\">\n\n\t\t\t\n\t\t\t\t\t\t<div class=\"elementor-icon-box-content\">\n\n\t\t\t\t\t\t\t\t\t<div class=\"elementor-icon-box-title\">\n\t\t\t\t\t\t<span  >\n\t\t\t\t\t\t\tServicios Adicionales\t\t\t\t\t\t<\/span>\n\t\t\t\t\t<\/div>\n\t\t\t\t\n\t\t\t\t\n\t\t\t<\/div>\n\t\t\t\n\t\t<\/div>\n\t\t\t\t\t\t<\/div>\n\t\t\t\t<div class=\"elementor-element elementor-element-6d4be31 elementor-widget elementor-widget-text-editor\" data-id=\"6d4be31\" data-element_type=\"widget\" data-e-type=\"widget\" data-widget_type=\"text-editor.default\">\n\t\t\t\t\t\t\t\t\t<ul>\n \t<li>Pick up y delivery de mercader\u00eda<\/li>\n \t<li>Almacenaje<\/li>\n \t<li>Distribuci\u00f3n<\/li>\n \t<li>Envi\u00f3 y manejo de cargas peligrosas<\/li>\n \t<li>Seguro para mercader\u00eda en tr\u00e1nsito.<\/li>\n \t<li>Servicios de despacho de aduana<\/li>\n \t<li>Transporte de cargas IMO (consolidadas y FULL)<\/li>\n \t<li>Paletizado de mercader\u00eda<\/li>\n<\/ul>\t\t\t\t\t\t\t\t<\/div>\n\t\t\t\t<\/div>\n\t\t\t\t<\/div>\n\t\t\t\t<\/div>\n\t\t\t\t<\/div>\n\t\t","protected":false},"excerpt":{"rendered":"<p>DISTRIBUCI\u00d3N Optimizaci\u00f3n de recursos log\u00edsticos, reduciendo costos sin perder eficiencia. Trazabilidad permanente, desde el origen hasta el destino. Frecuencias regulares. Conocimiento en manejo, almacenaje y distribuci\u00f3n de carga. Flexibilidad para adaptarnos a los requerimientos de cada cliente. Servicios Adicionales Pick up&#8230;<\/p>\n","protected":false},"author":1,"featured_media":0,"parent":0,"menu_order":0,"comment_status":"closed","ping_status":"closed","template":"","meta":{"footnotes":""},"class_list":["post-9577","page","type-page","status-publish","hentry"],"yoast_head":"<!-- This site is optimized with the Yoast SEO plugin v27.6 - https:\/\/yoast.com\/product\/yoast-seo-wordpress\/ -->\n<title>Servicios - RDS Log\u00edstica<\/title>\n<meta name=\"robots\" content=\"index, follow, max-snippet:-1, max-image-preview:large, max-video-preview:-1\" \/>\n<link rel=\"canonical\" href=\"https:\/\/rdslogistica.com\/?page_id=9577\" \/>\n<meta property=\"og:locale\" content=\"es_ES\" \/>\n<meta property=\"og:type\" content=\"article\" \/>\n<meta property=\"og:title\" content=\"Servicios - RDS Log\u00edstica\" \/>\n<meta property=\"og:description\" content=\"DISTRIBUCI\u00d3N Optimizaci\u00f3n de recursos log\u00edsticos, reduciendo costos sin perder eficiencia. Trazabilidad permanente, desde el origen hasta el destino. Frecuencias regulares. Conocimiento en manejo, almacenaje y distribuci\u00f3n de carga. Flexibilidad para adaptarnos a los requerimientos de cada cliente. Servicios Adicionales Pick up...\" \/>\n<meta property=\"og:url\" content=\"https:\/\/rdslogistica.com\/?page_id=9577\" \/>\n<meta property=\"og:site_name\" content=\"RDS Log\u00edstica\" \/>\n<meta property=\"article:publisher\" content=\"https:\/\/www.facebook.com\/profile.php?id=100039882312961\" \/>\n<meta property=\"article:modified_time\" content=\"2025-08-15T20:09:46+00:00\" \/>\n<meta property=\"og:image\" content=\"https:\/\/rdslogistica.com\/dev\/wp-content\/uploads\/2025\/08\/DEPOSITO-SERVICIOS-01.jpg\" \/>\n<meta name=\"twitter:card\" content=\"summary_large_image\" \/>\n<script type=\"application\/ld+json\" class=\"yoast-schema-graph\">{\"@context\":\"https:\\\/\\\/schema.org\",\"@graph\":[{\"@type\":\"WebPage\",\"@id\":\"https:\\\/\\\/rdslogistica.com\\\/?page_id=9577\",\"url\":\"https:\\\/\\\/rdslogistica.com\\\/?page_id=9577\",\"name\":\"Servicios - RDS Log\u00edstica\",\"isPartOf\":{\"@id\":\"https:\\\/\\\/rdslogistica.com\\\/#website\"},\"primaryImageOfPage\":{\"@id\":\"https:\\\/\\\/rdslogistica.com\\\/?page_id=9577#primaryimage\"},\"image\":{\"@id\":\"https:\\\/\\\/rdslogistica.com\\\/?page_id=9577#primaryimage\"},\"thumbnailUrl\":\"https:\\\/\\\/rdslogistica.com\\\/dev\\\/wp-content\\\/uploads\\\/2025\\\/08\\\/DEPOSITO-SERVICIOS-01.jpg\",\"datePublished\":\"2025-08-09T23:06:51+00:00\",\"dateModified\":\"2025-08-15T20:09:46+00:00\",\"breadcrumb\":{\"@id\":\"https:\\\/\\\/rdslogistica.com\\\/?page_id=9577#breadcrumb\"},\"inLanguage\":\"es-AR\",\"potentialAction\":[{\"@type\":\"ReadAction\",\"target\":[\"https:\\\/\\\/rdslogistica.com\\\/?page_id=9577\"]}]},{\"@type\":\"ImageObject\",\"inLanguage\":\"es-AR\",\"@id\":\"https:\\\/\\\/rdslogistica.com\\\/?page_id=9577#primaryimage\",\"url\":\"https:\\\/\\\/rdslogistica.com\\\/dev\\\/wp-content\\\/uploads\\\/2025\\\/08\\\/DEPOSITO-SERVICIOS-01.jpg\",\"contentUrl\":\"https:\\\/\\\/rdslogistica.com\\\/dev\\\/wp-content\\\/uploads\\\/2025\\\/08\\\/DEPOSITO-SERVICIOS-01.jpg\"},{\"@type\":\"BreadcrumbList\",\"@id\":\"https:\\\/\\\/rdslogistica.com\\\/?page_id=9577#breadcrumb\",\"itemListElement\":[{\"@type\":\"ListItem\",\"position\":1,\"name\":\"Inicio\",\"item\":\"https:\\\/\\\/rdslogistica.com\\\/\"},{\"@type\":\"ListItem\",\"position\":2,\"name\":\"Servicios\"}]},{\"@type\":\"WebSite\",\"@id\":\"https:\\\/\\\/rdslogistica.com\\\/#website\",\"url\":\"https:\\\/\\\/rdslogistica.com\\\/\",\"name\":\"RDS Log\u00edstica - Servicios log\u00edsticos y Transporte Internacional\",\"description\":\"Servicios log\u00edsticos y Transporte Internacional\",\"publisher\":{\"@id\":\"https:\\\/\\\/rdslogistica.com\\\/#organization\"},\"potentialAction\":[{\"@type\":\"SearchAction\",\"target\":{\"@type\":\"EntryPoint\",\"urlTemplate\":\"https:\\\/\\\/rdslogistica.com\\\/?s={search_term_string}\"},\"query-input\":{\"@type\":\"PropertyValueSpecification\",\"valueRequired\":true,\"valueName\":\"search_term_string\"}}],\"inLanguage\":\"es-AR\"},{\"@type\":\"Organization\",\"@id\":\"https:\\\/\\\/rdslogistica.com\\\/#organization\",\"name\":\"RDS Log\u00edstica\",\"url\":\"https:\\\/\\\/rdslogistica.com\\\/\",\"logo\":{\"@type\":\"ImageObject\",\"inLanguage\":\"es-AR\",\"@id\":\"https:\\\/\\\/rdslogistica.com\\\/#\\\/schema\\\/logo\\\/image\\\/\",\"url\":\"https:\\\/\\\/rdslogistica.com\\\/wp-content\\\/uploads\\\/2025\\\/07\\\/cropped-Iso_logo-web.png\",\"contentUrl\":\"https:\\\/\\\/rdslogistica.com\\\/wp-content\\\/uploads\\\/2025\\\/07\\\/cropped-Iso_logo-web.png\",\"width\":512,\"height\":512,\"caption\":\"RDS Log\u00edstica\"},\"image\":{\"@id\":\"https:\\\/\\\/rdslogistica.com\\\/#\\\/schema\\\/logo\\\/image\\\/\"},\"sameAs\":[\"https:\\\/\\\/www.facebook.com\\\/profile.php?id=100039882312961\",\"https:\\\/\\\/www.instagram.com\\\/rds.logistica\\\/\",\"https:\\\/\\\/wa.link\\\/6puuyq\"]}]}<\/script>\n<!-- \/ Yoast SEO plugin. -->","yoast_head_json":{"title":"Servicios - RDS Log\u00edstica","robots":{"index":"index","follow":"follow","max-snippet":"max-snippet:-1","max-image-preview":"max-image-preview:large","max-video-preview":"max-video-preview:-1"},"canonical":"https:\/\/rdslogistica.com\/?page_id=9577","og_locale":"es_ES","og_type":"article","og_title":"Servicios - RDS Log\u00edstica","og_description":"DISTRIBUCI\u00d3N Optimizaci\u00f3n de recursos log\u00edsticos, reduciendo costos sin perder eficiencia. Trazabilidad permanente, desde el origen hasta el destino. Frecuencias regulares. Conocimiento en manejo, almacenaje y distribuci\u00f3n de carga. Flexibilidad para adaptarnos a los requerimientos de cada cliente. Servicios Adicionales Pick up...","og_url":"https:\/\/rdslogistica.com\/?page_id=9577","og_site_name":"RDS Log\u00edstica","article_publisher":"https:\/\/www.facebook.com\/profile.php?id=100039882312961","article_modified_time":"2025-08-15T20:09:46+00:00","og_image":[{"url":"https:\/\/rdslogistica.com\/dev\/wp-content\/uploads\/2025\/08\/DEPOSITO-SERVICIOS-01.jpg","type":"","width":"","height":""}],"twitter_card":"summary_large_image","schema":{"@context":"https:\/\/schema.org","@graph":[{"@type":"WebPage","@id":"https:\/\/rdslogistica.com\/?page_id=9577","url":"https:\/\/rdslogistica.com\/?page_id=9577","name":"Servicios - RDS Log\u00edstica","isPartOf":{"@id":"https:\/\/rdslogistica.com\/#website"},"primaryImageOfPage":{"@id":"https:\/\/rdslogistica.com\/?page_id=9577#primaryimage"},"image":{"@id":"https:\/\/rdslogistica.com\/?page_id=9577#primaryimage"},"thumbnailUrl":"https:\/\/rdslogistica.com\/dev\/wp-content\/uploads\/2025\/08\/DEPOSITO-SERVICIOS-01.jpg","datePublished":"2025-08-09T23:06:51+00:00","dateModified":"2025-08-15T20:09:46+00:00","breadcrumb":{"@id":"https:\/\/rdslogistica.com\/?page_id=9577#breadcrumb"},"inLanguage":"es-AR","potentialAction":[{"@type":"ReadAction","target":["https:\/\/rdslogistica.com\/?page_id=9577"]}]},{"@type":"ImageObject","inLanguage":"es-AR","@id":"https:\/\/rdslogistica.com\/?page_id=9577#primaryimage","url":"https:\/\/rdslogistica.com\/dev\/wp-content\/uploads\/2025\/08\/DEPOSITO-SERVICIOS-01.jpg","contentUrl":"https:\/\/rdslogistica.com\/dev\/wp-content\/uploads\/2025\/08\/DEPOSITO-SERVICIOS-01.jpg"},{"@type":"BreadcrumbList","@id":"https:\/\/rdslogistica.com\/?page_id=9577#breadcrumb","itemListElement":[{"@type":"ListItem","position":1,"name":"Inicio","item":"https:\/\/rdslogistica.com\/"},{"@type":"ListItem","position":2,"name":"Servicios"}]},{"@type":"WebSite","@id":"https:\/\/rdslogistica.com\/#website","url":"https:\/\/rdslogistica.com\/","name":"RDS Log\u00edstica - Servicios log\u00edsticos y Transporte Internacional","description":"Servicios log\u00edsticos y Transporte Internacional","publisher":{"@id":"https:\/\/rdslogistica.com\/#organization"},"potentialAction":[{"@type":"SearchAction","target":{"@type":"EntryPoint","urlTemplate":"https:\/\/rdslogistica.com\/?s={search_term_string}"},"query-input":{"@type":"PropertyValueSpecification","valueRequired":true,"valueName":"search_term_string"}}],"inLanguage":"es-AR"},{"@type":"Organization","@id":"https:\/\/rdslogistica.com\/#organization","name":"RDS Log\u00edstica","url":"https:\/\/rdslogistica.com\/","logo":{"@type":"ImageObject","inLanguage":"es-AR","@id":"https:\/\/rdslogistica.com\/#\/schema\/logo\/image\/","url":"https:\/\/rdslogistica.com\/wp-content\/uploads\/2025\/07\/cropped-Iso_logo-web.png","contentUrl":"https:\/\/rdslogistica.com\/wp-content\/uploads\/2025\/07\/cropped-Iso_logo-web.png","width":512,"height":512,"caption":"RDS Log\u00edstica"},"image":{"@id":"https:\/\/rdslogistica.com\/#\/schema\/logo\/image\/"},"sameAs":["https:\/\/www.facebook.com\/profile.php?id=100039882312961","https:\/\/www.instagram.com\/rds.logistica\/","https:\/\/wa.link\/6puuyq"]}]}},"_links":{"self":[{"href":"https:\/\/rdslogistica.com\/index.php?rest_route=\/wp\/v2\/pages\/9577","targetHints":{"allow":["GET"]}}],"collection":[{"href":"https:\/\/rdslogistica.com\/index.php?rest_route=\/wp\/v2\/pages"}],"about":[{"href":"https:\/\/rdslogistica.com\/index.php?rest_route=\/wp\/v2\/types\/page"}],"author":[{"embeddable":true,"href":"https:\/\/rdslogistica.com\/index.php?rest_route=\/wp\/v2\/users\/1"}],"replies":[{"embeddable":true,"href":"https:\/\/rdslogistica.com\/index.php?rest_route=%2Fwp%2Fv2%2Fcomments&post=9577"}],"version-history":[{"count":13,"href":"https:\/\/rdslogistica.com\/index.php?rest_route=\/wp\/v2\/pages\/9577\/revisions"}],"predecessor-version":[{"id":9714,"href":"https:\/\/rdslogistica.com\/index.php?rest_route=\/wp\/v2\/pages\/9577\/revisions\/9714"}],"wp:attachment":[{"href":"https:\/\/rdslogistica.com\/index.php?rest_route=%2Fwp%2Fv2%2Fmedia&parent=9577"}],"curies":[{"name":"wp","href":"https:\/\/api.w.org\/{rel}","templated":true}]}}