{"id":9365,"date":"2024-01-09T15:55:53","date_gmt":"2024-01-09T15:55:53","guid":{"rendered":"https:\/\/demo.artureanec.com\/themes\/logico\/?page_id=17"},"modified":"2026-03-24T12:28:55","modified_gmt":"2026-03-24T15:28:55","slug":"contacts","status":"publish","type":"page","link":"https:\/\/rdslogistica.com\/?page_id=9365","title":{"rendered":"Contacto"},"content":{"rendered":"\t\t<div data-elementor-type=\"wp-page\" data-elementor-id=\"9365\" class=\"elementor elementor-9365\">\n\t\t\t\t<div class=\"elementor-element elementor-element-fb95d46 e-con-full e-flex cut-corner-no sticky-container-off e-con e-parent\" data-id=\"fb95d46\" data-element_type=\"container\">\n\t\t\t\t<div class=\"elementor-element elementor-element-980823c elementor-widget elementor-widget-logico_page_title\" data-id=\"980823c\" data-element_type=\"widget\" data-e-type=\"widget\" data-widget_type=\"logico_page_title.default\">\n\t\t\t\t<div class=\"elementor-widget-container\">\n\t\t\t\t\t            <div class=\"page-title-container-wrapper\">\n                <div class=\"page-title-container\">\n                    <div class=\"page-title-bg\"><\/div>\n                    <div class=\"page-title-row\">\n                        <div class=\"page-title-wrapper\">\n                            <div class=\"page-title-box\">\n                                <h1 class=\"page-title logico-title-h2\">Contacto<\/h1>                            <\/div>\n                        <\/div>\n                        <nav class=\"breadcrumbs\"><a href=\"https:\/\/rdslogistica.com\/\">Home<\/a><span class=\"delimiter\">\/<\/span><\/nav>                    <\/div>\n                                    <\/div>\n                <div class=\"block-decoration page-title-decoration animation-enable\"><div class=\"block-decoration-item\"><\/div><\/div>            <\/div>\n        \t\t\t\t<\/div>\n\t\t\t\t<\/div>\n\t\t\t\t<\/div>\n\t\t<div class=\"elementor-element elementor-element-d9d0f10 e-flex e-con-boxed cut-corner-no sticky-container-off e-con e-parent\" data-id=\"d9d0f10\" data-element_type=\"container\">\n\t\t\t\t\t<div class=\"e-con-inner\">\n\t\t<div class=\"elementor-element elementor-element-47f9ed3 e-con-full e-flex cut-corner-no sticky-container-off e-con e-child\" data-id=\"47f9ed3\" data-element_type=\"container\">\n\t\t<div class=\"elementor-element elementor-element-b7efa56 e-con-full e-flex cut-corner-no sticky-container-off e-con e-child\" data-id=\"b7efa56\" data-element_type=\"container\">\n\t\t\t\t<div class=\"elementor-element elementor-element-0d01f0c elementor-absolute elementor-widget elementor-widget-image\" data-id=\"0d01f0c\" data-element_type=\"widget\" data-settings=\"{&quot;_position&quot;:&quot;absolute&quot;}\" data-widget_type=\"image.default\">\n\t\t\t\t\t\t\t\t\t\t\t\t\t\t\t<img fetchpriority=\"high\" decoding=\"async\" width=\"966\" height=\"474\" src=\"https:\/\/rdslogistica.com\/wp-content\/uploads\/2024\/06\/bg-contacts.png\" class=\"attachment-full size-full wp-image-1680\" alt=\"\" \/>\t\t\t\t\t\t\t\t\t\t\t\t\t\t\t<\/div>\n\t\t\t\t<div class=\"elementor-element elementor-element-96187be elementor-invisible elementor-widget elementor-widget-logico_heading\" data-id=\"96187be\" data-element_type=\"widget\" data-e-type=\"widget\" data-settings=\"{&quot;_animation&quot;:&quot;logico_heading_animation&quot;}\" data-widget_type=\"logico_heading.default\">\n\t\t\t\t<div class=\"elementor-widget-container\">\n\t\t\t\t\t<h3 class=\"logico-title\"><strong>TU CONSULTA ES NUESTRA PRIORIDAD.<\/strong>\n<\/h3>\t\t\t\t<\/div>\n\t\t\t\t<\/div>\n\t\t\t\t<div class=\"elementor-element elementor-element-a2e6f15 elementor-invisible elementor-widget elementor-widget-logico_heading\" data-id=\"a2e6f15\" data-element_type=\"widget\" data-e-type=\"widget\" data-settings=\"{&quot;_animation&quot;:&quot;logico_heading_animation&quot;}\" data-widget_type=\"logico_heading.default\">\n\t\t\t\t<div class=\"elementor-widget-container\">\n\t\t\t\t\t<h3 class=\"logico-title\">Pod\u00e9s comunicarte con nosotros a trav\u00e9s de nuestros canales habituales o completar el formulario de contacto. Te responderemos a la brevedad\n<\/h3>\t\t\t\t<\/div>\n\t\t\t\t<\/div>\n\t\t\t\t<div class=\"elementor-element elementor-element-796d2ed elementor-invisible elementor-widget elementor-widget-logico_heading\" data-id=\"796d2ed\" data-element_type=\"widget\" data-e-type=\"widget\" data-settings=\"{&quot;_animation&quot;:&quot;logico_heading_animation&quot;}\" data-widget_type=\"logico_heading.default\">\n\t\t\t\t<div class=\"elementor-widget-container\">\n\t\t\t\t\t<h3 class=\"logico-title\"><strong>(+54) 11 7373 2095<\/strong>\n<\/h3>\t\t\t\t<\/div>\n\t\t\t\t<\/div>\n\t\t\t\t<div class=\"elementor-element elementor-element-a66bc4b elementor-widget elementor-widget-text-editor\" data-id=\"a66bc4b\" data-element_type=\"widget\" data-e-type=\"widget\" data-widget_type=\"text-editor.default\">\n\t\t\t\t\t\t\t\t\t<p><strong>Marcelo Torcuato de Alvear 628 &#8211; Quilmes<\/strong><br \/><strong>(B1878 DHN) &#8211; Buenos Aires &#8211; Argentina<\/strong><br \/><strong>Tel. (+54) 11 7373-2095<\/strong><\/p><p><a href=\"mailto:info@rdslogistica.com\">info@rdslogistica.com<\/a><\/p>\t\t\t\t\t\t\t\t<\/div>\n\t\t<div class=\"elementor-element elementor-element-37154d6 e-flex e-con-boxed cut-corner-no sticky-container-off e-con e-child\" data-id=\"37154d6\" data-element_type=\"container\">\n\t\t\t\t\t<div class=\"e-con-inner\">\n\t\t<div class=\"elementor-element elementor-element-a6eee3c e-con-full e-flex cut-corner-no sticky-container-off e-con e-child\" data-id=\"a6eee3c\" data-element_type=\"container\">\n\t\t\t\t<div class=\"elementor-element elementor-element-3f625c1 elementor-shape-square elementor-grid-0 elementor-widget elementor-widget-social-icons\" data-id=\"3f625c1\" data-element_type=\"widget\" data-widget_type=\"social-icons.default\">\n\t\t\t\t\t\t\t<div class=\"elementor-social-icons-wrapper elementor-grid\" role=\"list\">\n\t\t\t\t\t\t\t<span class=\"elementor-grid-item\" role=\"listitem\">\n\t\t\t\t\t<a class=\"elementor-icon elementor-social-icon elementor-social-icon-facebook-f elementor-repeater-item-3fbe893\" href=\"https:\/\/www.facebook.com\/profile.php?id=100039882312961\" target=\"_blank\">\n\t\t\t\t\t\t<span class=\"elementor-screen-only\">Facebook-f<\/span>\n\t\t\t\t\t\t<i class=\"fab fa-facebook-f\"><\/i>\t\t\t\t\t<\/a>\n\t\t\t\t<\/span>\n\t\t\t\t\t\t\t<span class=\"elementor-grid-item\" role=\"listitem\">\n\t\t\t\t\t<a class=\"elementor-icon elementor-social-icon elementor-social-icon-instagram elementor-repeater-item-b4ff0bb\" href=\"https:\/\/www.instagram.com\/rds.logistica\/\" target=\"_blank\">\n\t\t\t\t\t\t<span class=\"elementor-screen-only\">Instagram<\/span>\n\t\t\t\t\t\t<i class=\"fab fa-instagram\"><\/i>\t\t\t\t\t<\/a>\n\t\t\t\t<\/span>\n\t\t\t\t\t\t\t<span class=\"elementor-grid-item\" role=\"listitem\">\n\t\t\t\t\t<a class=\"elementor-icon elementor-social-icon elementor-social-icon-envelope elementor-repeater-item-39592ae\" href=\"mailto:info@rdslogistica.com\" target=\"_blank\">\n\t\t\t\t\t\t<span class=\"elementor-screen-only\">Envelope<\/span>\n\t\t\t\t\t\t<i class=\"fas fa-envelope\"><\/i>\t\t\t\t\t<\/a>\n\t\t\t\t<\/span>\n\t\t\t\t\t<\/div>\n\t\t\t\t\t\t<\/div>\n\t\t\t\t<\/div>\n\t\t\t\t\t<\/div>\n\t\t\t\t<\/div>\n\t\t\t\t<\/div>\n\t\t<div class=\"elementor-element elementor-element-0c7ba3b e-con-full e-flex cut-corner-no sticky-container-off e-con e-child\" data-id=\"0c7ba3b\" data-element_type=\"container\" data-settings=\"{&quot;background_background&quot;:&quot;classic&quot;}\">\n\t\t\t\t<div class=\"elementor-element elementor-element-a62eb08 elementor-widget elementor-widget-logico_heading\" data-id=\"a62eb08\" data-element_type=\"widget\" data-e-type=\"widget\" data-widget_type=\"logico_heading.default\">\n\t\t\t\t<div class=\"elementor-widget-container\">\n\t\t\t\t\t<div class=\"logico-title\">Realice desde aqu\u00ed todas sus consultas, no olvide llenartodos sus datos de contacto correctamente para poder enviarle su presupuesto.\n<\/div>\t\t\t\t<\/div>\n\t\t\t\t<\/div>\n\t\t\t\t<div class=\"elementor-element elementor-element-1957a96 elementor-widget elementor-widget-logico_wpforms\" data-id=\"1957a96\" data-element_type=\"widget\" data-e-type=\"widget\" data-widget_type=\"logico_wpforms.default\">\n\t\t\t\t<div class=\"elementor-widget-container\">\n\t\t\t\t\t        <div class=\"logico-wpforms-widget\">\n            <div class=\"wpforms-container wpforms-render-modern\" id=\"wpforms-9388\"><form id=\"wpforms-form-9388\" class=\"wpforms-validate wpforms-form wpforms-ajax-form\" data-formid=\"9388\" method=\"post\" enctype=\"multipart\/form-data\" action=\"\/index.php?rest_route=%2Fwp%2Fv2%2Fpages%2F9365\" data-token=\"46b4072ab080756116bef70f39ef5506\" data-token-time=\"1778694662\"><noscript class=\"wpforms-error-noscript\">Please enable JavaScript in your browser to complete this form.<\/noscript><div id=\"wpforms-error-noscript\" style=\"display: none;\">Please enable JavaScript in your browser to complete this form.<\/div><div class=\"wpforms-field-container\"><div id=\"wpforms-9388-field_1-container\" class=\"wpforms-field wpforms-field-name\" data-field-id=\"1\"><div class=\"wpforms-field-wrapper logico-form-field\"><div class=\"logico-label-wrapper\"><div class=\"logico-label-placeholder\"><div class=\"logico-label-placeholder-text\">Nombre y Apellido <span class=\"wpforms-required-label\" aria-hidden=\"true\">*<\/span><\/div><\/div><label class=\"wpforms-field-label\" for=\"wpforms-9388-field_1\">Nombre y Apellido <span class=\"wpforms-required-label\" aria-hidden=\"true\">*<\/span><\/label><\/div><input type=\"text\" id=\"wpforms-9388-field_1\" class=\"wpforms-field-large wpforms-field-required\" name=\"wpforms[fields][1]\" aria-errormessage=\"wpforms-9388-field_1-error\" required><\/div><\/div><div id=\"wpforms-9388-field_2-container\" class=\"wpforms-field wpforms-field-email\" data-field-id=\"2\"><div class=\"wpforms-field-wrapper logico-form-field\"><div class=\"logico-label-wrapper\"><div class=\"logico-label-placeholder\"><div class=\"logico-label-placeholder-text\">Email <span class=\"wpforms-required-label\" aria-hidden=\"true\">*<\/span><\/div><\/div><label class=\"wpforms-field-label\" for=\"wpforms-9388-field_2\">Email <span class=\"wpforms-required-label\" aria-hidden=\"true\">*<\/span><\/label><\/div><input type=\"email\" id=\"wpforms-9388-field_2\" class=\"wpforms-field-large wpforms-field-required\" name=\"wpforms[fields][2]\" spellcheck=\"false\" aria-errormessage=\"wpforms-9388-field_2-error\" required><\/div><\/div><div id=\"wpforms-9388-field_3-container\" class=\"wpforms-field wpforms-field-text\" data-field-id=\"3\"><div class=\"wpforms-field-wrapper logico-form-field\"><div class=\"logico-label-wrapper\"><div class=\"logico-label-placeholder\"><div class=\"logico-label-placeholder-text\">Asunto<\/div><\/div><label class=\"wpforms-field-label\" for=\"wpforms-9388-field_3\">Asunto<\/label><\/div><input type=\"text\" id=\"wpforms-9388-field_3\" class=\"wpforms-field-large\" name=\"wpforms[fields][3]\" aria-errormessage=\"wpforms-9388-field_3-error\" ><\/div><\/div><div id=\"wpforms-9388-field_4-container\" class=\"wpforms-field wpforms-field-textarea\" data-field-id=\"4\"><div class=\"wpforms-field-wrapper logico-form-field\"><div class=\"logico-label-wrapper\"><div class=\"logico-label-placeholder\"><div class=\"logico-label-placeholder-text\">Mensaje<\/div><\/div><label class=\"wpforms-field-label\" for=\"wpforms-9388-field_4\">Mensaje<\/label><\/div><textarea id=\"wpforms-9388-field_4\" class=\"wpforms-field-large\" name=\"wpforms[fields][4]\" aria-errormessage=\"wpforms-9388-field_4-error\" ><\/textarea><\/div><\/div><\/div><!-- .wpforms-field-container --><div class=\"wpforms-recaptcha-container wpforms-is-recaptcha wpforms-is-recaptcha-type-v2\" ><div class=\"g-recaptcha\" data-sitekey=\"6LdE45ssAAAAAMcHWiawzVWand8asVZFMbytc4f8\"><\/div><input type=\"text\" name=\"g-recaptcha-hidden\" class=\"wpforms-recaptcha-hidden\" style=\"position:absolute!important;clip:rect(0,0,0,0)!important;height:1px!important;width:1px!important;border:0!important;overflow:hidden!important;padding:0!important;margin:0!important;\" data-rule-recaptcha=\"1\"><\/div><div class=\"wpforms-submit-container\" ><input type=\"hidden\" name=\"wpforms[id]\" value=\"9388\"><input type=\"hidden\" name=\"page_title\" value=\"\"><input type=\"hidden\" name=\"page_url\" value=\"https:\/\/rdslogistica.com\/index.php?rest_route=\/wp\/v2\/pages\/9365\"><input type=\"hidden\" name=\"url_referer\" value=\"\"><button type=\"submit\" name=\"wpforms[submit]\" id=\"wpforms-submit-9388\" class=\"logico-alter-button wpforms-submit\" data-alt-text=\"Enviando...\" data-submit-text=\"Enviar mensaje\" aria-live=\"assertive\" value=\"wpforms-submit\">Enviar mensaje<\/button><img decoding=\"async\" src=\"https:\/\/rdslogistica.com\/wp-content\/plugins\/wpforms-lite\/assets\/images\/submit-spin.svg\" class=\"wpforms-submit-spinner\" style=\"display: none;\" width=\"26\" height=\"26\" alt=\"Loading\"><\/div><\/form><\/div>  <!-- .wpforms-container -->        <\/div>\n        \t\t\t\t<\/div>\n\t\t\t\t<\/div>\n\t\t\t\t<\/div>\n\t\t\t\t<\/div>\n\t\t\t\t\t<\/div>\n\t\t\t\t<\/div>\n\t\t\t\t<\/div>\n\t\t","protected":false},"excerpt":{"rendered":"<p>Marcelo Torcuato de Alvear 628 &#8211; Quilmes(B1878 DHN) &#8211; Buenos Aires &#8211; ArgentinaTel. (+54) 11 7373-2095 info@rdslogistica.com Facebook-f Instagram Envelope<\/p>\n","protected":false},"author":1,"featured_media":0,"parent":0,"menu_order":0,"comment_status":"closed","ping_status":"closed","template":"","meta":{"footnotes":""},"class_list":["post-9365","page","type-page","status-publish","hentry"],"yoast_head":"<!-- This site is optimized with the Yoast SEO plugin v27.6 - https:\/\/yoast.com\/product\/yoast-seo-wordpress\/ -->\n<title>Contacto - RDS Log\u00edstica<\/title>\n<meta name=\"robots\" content=\"index, follow, max-snippet:-1, max-image-preview:large, max-video-preview:-1\" \/>\n<link rel=\"canonical\" href=\"https:\/\/rdslogistica.com\/?page_id=9365\" \/>\n<meta property=\"og:locale\" content=\"es_ES\" \/>\n<meta property=\"og:type\" content=\"article\" \/>\n<meta property=\"og:title\" content=\"Contacto - RDS Log\u00edstica\" \/>\n<meta property=\"og:description\" content=\"Marcelo Torcuato de Alvear 628 &#8211; Quilmes(B1878 DHN) &#8211; Buenos Aires &#8211; ArgentinaTel. (+54) 11 7373-2095 info@rdslogistica.com Facebook-f Instagram Envelope\" \/>\n<meta property=\"og:url\" content=\"https:\/\/rdslogistica.com\/?page_id=9365\" \/>\n<meta property=\"og:site_name\" content=\"RDS Log\u00edstica\" \/>\n<meta property=\"article:publisher\" content=\"https:\/\/www.facebook.com\/profile.php?id=100039882312961\" \/>\n<meta property=\"article:modified_time\" content=\"2026-03-24T15:28:55+00:00\" \/>\n<meta property=\"og:image\" content=\"https:\/\/rdslogistica.com\/wp-content\/uploads\/2024\/06\/bg-contacts.png\" \/>\n\t<meta property=\"og:image:width\" content=\"966\" \/>\n\t<meta property=\"og:image:height\" content=\"474\" \/>\n\t<meta property=\"og:image:type\" content=\"image\/png\" \/>\n<meta name=\"twitter:card\" content=\"summary_large_image\" \/>\n<meta name=\"twitter:label1\" content=\"Tiempo de lectura\" \/>\n\t<meta name=\"twitter:data1\" content=\"1 minuto\" \/>\n<script type=\"application\/ld+json\" class=\"yoast-schema-graph\">{\"@context\":\"https:\\\/\\\/schema.org\",\"@graph\":[{\"@type\":\"WebPage\",\"@id\":\"https:\\\/\\\/rdslogistica.com\\\/?page_id=9365\",\"url\":\"https:\\\/\\\/rdslogistica.com\\\/?page_id=9365\",\"name\":\"Contacto - RDS Log\u00edstica\",\"isPartOf\":{\"@id\":\"https:\\\/\\\/rdslogistica.com\\\/#website\"},\"primaryImageOfPage\":{\"@id\":\"https:\\\/\\\/rdslogistica.com\\\/?page_id=9365#primaryimage\"},\"image\":{\"@id\":\"https:\\\/\\\/rdslogistica.com\\\/?page_id=9365#primaryimage\"},\"thumbnailUrl\":\"https:\\\/\\\/rdslogistica.com\\\/wp-content\\\/uploads\\\/2024\\\/06\\\/bg-contacts.png\",\"datePublished\":\"2024-01-09T15:55:53+00:00\",\"dateModified\":\"2026-03-24T15:28:55+00:00\",\"breadcrumb\":{\"@id\":\"https:\\\/\\\/rdslogistica.com\\\/?page_id=9365#breadcrumb\"},\"inLanguage\":\"es-AR\",\"potentialAction\":[{\"@type\":\"ReadAction\",\"target\":[\"https:\\\/\\\/rdslogistica.com\\\/?page_id=9365\"]}]},{\"@type\":\"ImageObject\",\"inLanguage\":\"es-AR\",\"@id\":\"https:\\\/\\\/rdslogistica.com\\\/?page_id=9365#primaryimage\",\"url\":\"https:\\\/\\\/rdslogistica.com\\\/wp-content\\\/uploads\\\/2024\\\/06\\\/bg-contacts.png\",\"contentUrl\":\"https:\\\/\\\/rdslogistica.com\\\/wp-content\\\/uploads\\\/2024\\\/06\\\/bg-contacts.png\",\"width\":966,\"height\":474},{\"@type\":\"BreadcrumbList\",\"@id\":\"https:\\\/\\\/rdslogistica.com\\\/?page_id=9365#breadcrumb\",\"itemListElement\":[{\"@type\":\"ListItem\",\"position\":1,\"name\":\"Inicio\",\"item\":\"https:\\\/\\\/rdslogistica.com\\\/\"},{\"@type\":\"ListItem\",\"position\":2,\"name\":\"Contacto\"}]},{\"@type\":\"WebSite\",\"@id\":\"https:\\\/\\\/rdslogistica.com\\\/#website\",\"url\":\"https:\\\/\\\/rdslogistica.com\\\/\",\"name\":\"RDS Log\u00edstica - Servicios log\u00edsticos y Transporte Internacional\",\"description\":\"Servicios log\u00edsticos y Transporte Internacional\",\"publisher\":{\"@id\":\"https:\\\/\\\/rdslogistica.com\\\/#organization\"},\"potentialAction\":[{\"@type\":\"SearchAction\",\"target\":{\"@type\":\"EntryPoint\",\"urlTemplate\":\"https:\\\/\\\/rdslogistica.com\\\/?s={search_term_string}\"},\"query-input\":{\"@type\":\"PropertyValueSpecification\",\"valueRequired\":true,\"valueName\":\"search_term_string\"}}],\"inLanguage\":\"es-AR\"},{\"@type\":\"Organization\",\"@id\":\"https:\\\/\\\/rdslogistica.com\\\/#organization\",\"name\":\"RDS Log\u00edstica\",\"url\":\"https:\\\/\\\/rdslogistica.com\\\/\",\"logo\":{\"@type\":\"ImageObject\",\"inLanguage\":\"es-AR\",\"@id\":\"https:\\\/\\\/rdslogistica.com\\\/#\\\/schema\\\/logo\\\/image\\\/\",\"url\":\"https:\\\/\\\/rdslogistica.com\\\/wp-content\\\/uploads\\\/2025\\\/07\\\/cropped-Iso_logo-web.png\",\"contentUrl\":\"https:\\\/\\\/rdslogistica.com\\\/wp-content\\\/uploads\\\/2025\\\/07\\\/cropped-Iso_logo-web.png\",\"width\":512,\"height\":512,\"caption\":\"RDS Log\u00edstica\"},\"image\":{\"@id\":\"https:\\\/\\\/rdslogistica.com\\\/#\\\/schema\\\/logo\\\/image\\\/\"},\"sameAs\":[\"https:\\\/\\\/www.facebook.com\\\/profile.php?id=100039882312961\",\"https:\\\/\\\/www.instagram.com\\\/rds.logistica\\\/\",\"https:\\\/\\\/wa.link\\\/6puuyq\"]}]}<\/script>\n<!-- \/ Yoast SEO plugin. -->","yoast_head_json":{"title":"Contacto - RDS Log\u00edstica","robots":{"index":"index","follow":"follow","max-snippet":"max-snippet:-1","max-image-preview":"max-image-preview:large","max-video-preview":"max-video-preview:-1"},"canonical":"https:\/\/rdslogistica.com\/?page_id=9365","og_locale":"es_ES","og_type":"article","og_title":"Contacto - RDS Log\u00edstica","og_description":"Marcelo Torcuato de Alvear 628 &#8211; Quilmes(B1878 DHN) &#8211; Buenos Aires &#8211; ArgentinaTel. (+54) 11 7373-2095 info@rdslogistica.com Facebook-f Instagram Envelope","og_url":"https:\/\/rdslogistica.com\/?page_id=9365","og_site_name":"RDS Log\u00edstica","article_publisher":"https:\/\/www.facebook.com\/profile.php?id=100039882312961","article_modified_time":"2026-03-24T15:28:55+00:00","og_image":[{"width":966,"height":474,"url":"https:\/\/rdslogistica.com\/wp-content\/uploads\/2024\/06\/bg-contacts.png","type":"image\/png"}],"twitter_card":"summary_large_image","twitter_misc":{"Tiempo de lectura":"1 minuto"},"schema":{"@context":"https:\/\/schema.org","@graph":[{"@type":"WebPage","@id":"https:\/\/rdslogistica.com\/?page_id=9365","url":"https:\/\/rdslogistica.com\/?page_id=9365","name":"Contacto - RDS Log\u00edstica","isPartOf":{"@id":"https:\/\/rdslogistica.com\/#website"},"primaryImageOfPage":{"@id":"https:\/\/rdslogistica.com\/?page_id=9365#primaryimage"},"image":{"@id":"https:\/\/rdslogistica.com\/?page_id=9365#primaryimage"},"thumbnailUrl":"https:\/\/rdslogistica.com\/wp-content\/uploads\/2024\/06\/bg-contacts.png","datePublished":"2024-01-09T15:55:53+00:00","dateModified":"2026-03-24T15:28:55+00:00","breadcrumb":{"@id":"https:\/\/rdslogistica.com\/?page_id=9365#breadcrumb"},"inLanguage":"es-AR","potentialAction":[{"@type":"ReadAction","target":["https:\/\/rdslogistica.com\/?page_id=9365"]}]},{"@type":"ImageObject","inLanguage":"es-AR","@id":"https:\/\/rdslogistica.com\/?page_id=9365#primaryimage","url":"https:\/\/rdslogistica.com\/wp-content\/uploads\/2024\/06\/bg-contacts.png","contentUrl":"https:\/\/rdslogistica.com\/wp-content\/uploads\/2024\/06\/bg-contacts.png","width":966,"height":474},{"@type":"BreadcrumbList","@id":"https:\/\/rdslogistica.com\/?page_id=9365#breadcrumb","itemListElement":[{"@type":"ListItem","position":1,"name":"Inicio","item":"https:\/\/rdslogistica.com\/"},{"@type":"ListItem","position":2,"name":"Contacto"}]},{"@type":"WebSite","@id":"https:\/\/rdslogistica.com\/#website","url":"https:\/\/rdslogistica.com\/","name":"RDS Log\u00edstica - Servicios log\u00edsticos y Transporte Internacional","description":"Servicios log\u00edsticos y Transporte Internacional","publisher":{"@id":"https:\/\/rdslogistica.com\/#organization"},"potentialAction":[{"@type":"SearchAction","target":{"@type":"EntryPoint","urlTemplate":"https:\/\/rdslogistica.com\/?s={search_term_string}"},"query-input":{"@type":"PropertyValueSpecification","valueRequired":true,"valueName":"search_term_string"}}],"inLanguage":"es-AR"},{"@type":"Organization","@id":"https:\/\/rdslogistica.com\/#organization","name":"RDS Log\u00edstica","url":"https:\/\/rdslogistica.com\/","logo":{"@type":"ImageObject","inLanguage":"es-AR","@id":"https:\/\/rdslogistica.com\/#\/schema\/logo\/image\/","url":"https:\/\/rdslogistica.com\/wp-content\/uploads\/2025\/07\/cropped-Iso_logo-web.png","contentUrl":"https:\/\/rdslogistica.com\/wp-content\/uploads\/2025\/07\/cropped-Iso_logo-web.png","width":512,"height":512,"caption":"RDS Log\u00edstica"},"image":{"@id":"https:\/\/rdslogistica.com\/#\/schema\/logo\/image\/"},"sameAs":["https:\/\/www.facebook.com\/profile.php?id=100039882312961","https:\/\/www.instagram.com\/rds.logistica\/","https:\/\/wa.link\/6puuyq"]}]}},"_links":{"self":[{"href":"https:\/\/rdslogistica.com\/index.php?rest_route=\/wp\/v2\/pages\/9365","targetHints":{"allow":["GET"]}}],"collection":[{"href":"https:\/\/rdslogistica.com\/index.php?rest_route=\/wp\/v2\/pages"}],"about":[{"href":"https:\/\/rdslogistica.com\/index.php?rest_route=\/wp\/v2\/types\/page"}],"author":[{"embeddable":true,"href":"https:\/\/rdslogistica.com\/index.php?rest_route=\/wp\/v2\/users\/1"}],"replies":[{"embeddable":true,"href":"https:\/\/rdslogistica.com\/index.php?rest_route=%2Fwp%2Fv2%2Fcomments&post=9365"}],"version-history":[{"count":28,"href":"https:\/\/rdslogistica.com\/index.php?rest_route=\/wp\/v2\/pages\/9365\/revisions"}],"predecessor-version":[{"id":9854,"href":"https:\/\/rdslogistica.com\/index.php?rest_route=\/wp\/v2\/pages\/9365\/revisions\/9854"}],"wp:attachment":[{"href":"https:\/\/rdslogistica.com\/index.php?rest_route=%2Fwp%2Fv2%2Fmedia&parent=9365"}],"curies":[{"name":"wp","href":"https:\/\/api.w.org\/{rel}","templated":true}]}}